{"id":1427,"date":"2025-05-27T15:13:22","date_gmt":"2025-05-27T15:13:22","guid":{"rendered":"https:\/\/adventrisk-iberia.com\/ayuda\/"},"modified":"2026-03-27T11:47:46","modified_gmt":"2026-03-27T11:47:46","slug":"ayuda","status":"publish","type":"page","link":"https:\/\/adventrisk-iberia.com\/es\/ayuda\/","title":{"rendered":"Ayuda"},"content":{"rendered":"<p>[et_pb_section fb_built=\u00bb1&#8243; _builder_version=\u00bb4.27.4&#8243; _module_preset=\u00bbdefault\u00bb background_color=\u00bb#E9ECEF\u00bb global_colors_info=\u00bb{}\u00bb][et_pb_row _builder_version=\u00bb4.27.4&#8243; _module_preset=\u00bbdefault\u00bb global_colors_info=\u00bb{}\u00bb][et_pb_column type=\u00bb4_4&#8243; _builder_version=\u00bb4.27.4&#8243; _module_preset=\u00bbdefault\u00bb global_colors_info=\u00bb{}\u00bb][et_pb_heading title=\u00bbPonte en contacto\u00bb _builder_version=\u00bb4.27.4&#8243; _module_preset=\u00bbce9c5be4-905c-44aa-9092-e256a9bec7e2&#8243; title_font=\u00bb&#8211;et_global_heading_font|700||on|||||\u00bb title_text_align=\u00bbcenter\u00bb title_text_color=\u00bb#EE7827&#8243; global_colors_info=\u00bb{%22gcid-b70c6ec4-3d09-43b5-80df-154e6e990bf3%22:%91%22title_text_color%22%93}\u00bb][\/et_pb_heading][et_pb_heading title=\u00bbenv\u00eda tu mensaje\u00bb _builder_version=\u00bb4.27.4&#8243; _module_preset=\u00bb42621b08-8d19-4dee-87e1-f5802cea1e7f\u00bb title_font=\u00bb&#8211;et_global_heading_font|500||on|||||\u00bb title_text_align=\u00bbcenter\u00bb title_text_color=\u00bb#08223C\u00bb title_letter_spacing=\u00bb-3px\u00bb hover_enabled=\u00bb0&#8243; global_colors_info=\u00bb{}\u00bb title_font_size=\u00bb50px\u00bb sticky_enabled=\u00bb0&#8243; title_font_size_tablet=\u00bb38px\u00bb title_letter_spacing_last_edited=\u00bbon|desktop\u00bb title_letter_spacing_tablet=\u00bb-2px\u00bb title_letter_spacing_phone=\u00bb0px\u00bb title_font_size_phone=\u00bb22px\u00bb][\/et_pb_heading][et_pb_code _builder_version=\u00bb4.27.4&#8243; _module_preset=\u00bbdefault\u00bb animation_style=\u00bbslide\u00bb animation_direction=\u00bbbottom\u00bb hover_transition_speed_curve=\u00bbease-in-out\u00bb global_colors_info=\u00bb{}\u00bb]\n<div class=\"wpcf7 no-js\" id=\"wpcf7-f1067-o1\" lang=\"es-ES\" dir=\"ltr\" data-wpcf7-id=\"1067\">\n<div class=\"screen-reader-response\"><p role=\"status\" aria-live=\"polite\" aria-atomic=\"true\"><\/p> <ul><\/ul><\/div>\n<form action=\"\/es\/wp-json\/wp\/v2\/pages\/1427#wpcf7-f1067-o1\" method=\"post\" class=\"wpcf7-form init\" aria-label=\"Formulario de contacto\" enctype=\"multipart\/form-data\" novalidate=\"novalidate\" data-status=\"init\">\n<fieldset class=\"hidden-fields-container\"><input type=\"hidden\" name=\"_wpcf7\" value=\"1067\" \/><input type=\"hidden\" name=\"_wpcf7_version\" value=\"6.1.5\" \/><input type=\"hidden\" name=\"_wpcf7_locale\" value=\"es_ES\" \/><input type=\"hidden\" name=\"_wpcf7_unit_tag\" value=\"wpcf7-f1067-o1\" \/><input type=\"hidden\" name=\"_wpcf7_container_post\" value=\"0\" \/><input type=\"hidden\" name=\"_wpcf7_posted_data_hash\" value=\"\" \/><input type=\"hidden\" name=\"_wpcf7_recaptcha_response\" value=\"\" \/>\n<\/fieldset>\n<p><span class=\"wpcf7-form-control-wrap\" data-name=\"select-338\"><select class=\"wpcf7-form-control wpcf7-select wpcf7-validates-as-required\" aria-required=\"true\" aria-invalid=\"false\" name=\"select-338\"><option value=\"\">Elige una opci\u00f3n<\/option><option value=\"Consulta\">Consulta<\/option><option value=\"Reclamaci\u00f3n\">Reclamaci\u00f3n<\/option><option value=\"Verificaci\u00f3n de la p\u00f3liza\">Verificaci\u00f3n de la p\u00f3liza<\/option><\/select><\/span><br \/>\n[text* tu-nombre autocompletar:nombre marcador de posici\u00f3n \"Introduce tu nombre\"]<br \/>\n<span class=\"wpcf7-form-control-wrap\" data-name=\"your-email\"><input size=\"40\" maxlength=\"400\" class=\"wpcf7-form-control wpcf7-email wpcf7-validates-as-required wpcf7-text wpcf7-validates-as-email\" autocomplete=\"email\" aria-required=\"true\" aria-invalid=\"false\" placeholder=\"Introduce tu direcci\u00f3n de correo electr\u00f3nico\" value=\"\" type=\"email\" name=\"your-email\" \/><\/span><br \/>\n[tel* tel-581 autocompletar:tel marcador de posici\u00f3n \"Introduce tu n\u00famero de tel\u00e9fono\"]<br \/>\n[text* tu-asunto marcador de posici\u00f3n \"Inserta el asunto\"]<br \/>\n<span class=\"wpcf7-form-control-wrap\" data-name=\"your-message\"><textarea cols=\"40\" rows=\"10\" maxlength=\"2000\" class=\"wpcf7-form-control wpcf7-textarea\" aria-invalid=\"false\" placeholder=\"Introduce tu mensaje\" name=\"your-message\"><\/textarea><\/span><br \/>\n<span class=\"wpcf7-form-control-wrap\" data-name=\"file-766\"><input size=\"40\" class=\"wpcf7-form-control wpcf7-file\" accept=\".pdf,.jpg,.png,.doc,.docx,.zip,.xls,.xlsx\" aria-invalid=\"false\" type=\"file\" name=\"file-766\" \/><\/span>\n<\/p>\n<p class=\"file-instruction\"><strong>Adjunto:<\/strong> Suba un archivo (m\u00e1ximo 5 MB). Tipos de archivo permitidos: PDF, JPG, PNG, DOC, DOCX, ZIP, XLS, XLSX. Para subir varios archivos, compr\u00edmalos en un \u00fanico archivo ZIP.\n<\/p>\n<p><input class=\"wpcf7-form-control wpcf7-submit has-spinner\" type=\"submit\" value=\"Entregar\" \/>\n<\/p><p style=\"display: none !important;\" class=\"akismet-fields-container\" data-prefix=\"_wpcf7_ak_\"><label>&#916;<textarea name=\"_wpcf7_ak_hp_textarea\" cols=\"45\" rows=\"8\" maxlength=\"100\"><\/textarea><\/label><input type=\"hidden\" id=\"ak_js_1\" name=\"_wpcf7_ak_js\" value=\"182\"\/><script>document.getElementById( \"ak_js_1\" ).setAttribute( \"value\", ( new Date() ).getTime() );<\/script><\/p><div class=\"wpcf7-response-output\" aria-hidden=\"true\"><\/div>\n<\/form>\n<\/div>\n[\/et_pb_code][et_pb_code _builder_version=\u00bb4.27.4&#8243; _module_preset=\u00bbdefault\u00bb global_colors_info=\u00bb{}\u00bb]<script><!-- [et_pb_line_break_holder] -->jQuery(document).ready(function($) {<!-- [et_pb_line_break_holder] -->    $('.wpcf7-form select.wpcf7-select').css({<!-- [et_pb_line_break_holder] -->        'background-image': 'url(https:\/\/img.icons8.com\/small\/16\/000000\/expand-arrow.png)',<!-- [et_pb_line_break_holder] -->        'background-repeat': 'no-repeat',<!-- [et_pb_line_break_holder] -->        'background-position': 'right 12px center',<!-- [et_pb_line_break_holder] -->        'background-size': '16px',<!-- [et_pb_line_break_holder] -->        'appearance': 'none',<!-- [et_pb_line_break_holder] -->        '-webkit-appearance': 'none',<!-- [et_pb_line_break_holder] -->        '-moz-appearance': 'none',<!-- [et_pb_line_break_holder] -->        'padding-right': '40px',<!-- [et_pb_line_break_holder] -->        'z-index': '1'<!-- [et_pb_line_break_holder] -->    });<!-- [et_pb_line_break_holder] -->});<!-- [et_pb_line_break_holder] --><\/script>[\/et_pb_code][\/et_pb_column][\/et_pb_row][\/et_pb_section]<\/p>\n","protected":false},"excerpt":{"rendered":"\n<div class=\"wpcf7 no-js\" id=\"wpcf7-f1067-o2\" lang=\"es-ES\" dir=\"ltr\" data-wpcf7-id=\"1067\">\n<div class=\"screen-reader-response\"><p role=\"status\" aria-live=\"polite\" aria-atomic=\"true\"><\/p> <ul><\/ul><\/div>\n<form action=\"\/es\/wp-json\/wp\/v2\/pages\/1427#wpcf7-f1067-o2\" method=\"post\" class=\"wpcf7-form init\" aria-label=\"Formulario de contacto\" enctype=\"multipart\/form-data\" novalidate=\"novalidate\" data-status=\"init\">\n<fieldset class=\"hidden-fields-container\"><input type=\"hidden\" name=\"_wpcf7\" value=\"1067\" \/><input type=\"hidden\" name=\"_wpcf7_version\" value=\"6.1.5\" \/><input type=\"hidden\" name=\"_wpcf7_locale\" value=\"es_ES\" \/><input type=\"hidden\" name=\"_wpcf7_unit_tag\" value=\"wpcf7-f1067-o2\" \/><input type=\"hidden\" name=\"_wpcf7_container_post\" value=\"0\" \/><input type=\"hidden\" name=\"_wpcf7_posted_data_hash\" value=\"\" \/><input type=\"hidden\" name=\"_wpcf7_recaptcha_response\" value=\"\" \/>\n<\/fieldset>\n<p><span class=\"wpcf7-form-control-wrap\" data-name=\"select-338\"><select class=\"wpcf7-form-control wpcf7-select wpcf7-validates-as-required\" aria-required=\"true\" aria-invalid=\"false\" name=\"select-338\"><option value=\"\">Elige una opci\u00f3n<\/option><option value=\"Consulta\">Consulta<\/option><option value=\"Reclamaci\u00f3n\">Reclamaci\u00f3n<\/option><option value=\"Verificaci\u00f3n de la p\u00f3liza\">Verificaci\u00f3n de la p\u00f3liza<\/option><\/select><\/span><br \/>\n[text* tu-nombre autocompletar:nombre marcador de posici\u00f3n \"Introduce tu nombre\"]<br \/>\n<span class=\"wpcf7-form-control-wrap\" data-name=\"your-email\"><input size=\"40\" maxlength=\"400\" class=\"wpcf7-form-control wpcf7-email wpcf7-validates-as-required wpcf7-text wpcf7-validates-as-email\" autocomplete=\"email\" aria-required=\"true\" aria-invalid=\"false\" placeholder=\"Introduce tu direcci\u00f3n de correo electr\u00f3nico\" value=\"\" type=\"email\" name=\"your-email\" \/><\/span><br \/>\n[tel* tel-581 autocompletar:tel marcador de posici\u00f3n \"Introduce tu n\u00famero de tel\u00e9fono\"]<br \/>\n[text* tu-asunto marcador de posici\u00f3n \"Inserta el asunto\"]<br \/>\n<span class=\"wpcf7-form-control-wrap\" data-name=\"your-message\"><textarea cols=\"40\" rows=\"10\" maxlength=\"2000\" class=\"wpcf7-form-control wpcf7-textarea\" aria-invalid=\"false\" placeholder=\"Introduce tu mensaje\" name=\"your-message\"><\/textarea><\/span><br \/>\n<span class=\"wpcf7-form-control-wrap\" data-name=\"file-766\"><input size=\"40\" class=\"wpcf7-form-control wpcf7-file\" accept=\".pdf,.jpg,.png,.doc,.docx,.zip,.xls,.xlsx\" aria-invalid=\"false\" type=\"file\" name=\"file-766\" \/><\/span>\n<\/p>\n<p class=\"file-instruction\"><strong>Adjunto:<\/strong> Suba un archivo (m\u00e1ximo 5 MB). Tipos de archivo permitidos: PDF, JPG, PNG, DOC, DOCX, ZIP, XLS, XLSX. Para subir varios archivos, compr\u00edmalos en un \u00fanico archivo ZIP.\n<\/p>\n<p><input class=\"wpcf7-form-control wpcf7-submit has-spinner\" type=\"submit\" value=\"Entregar\" \/>\n<\/p><p style=\"display: none !important;\" class=\"akismet-fields-container\" data-prefix=\"_wpcf7_ak_\"><label>&#916;<textarea name=\"_wpcf7_ak_hp_textarea\" cols=\"45\" rows=\"8\" maxlength=\"100\"><\/textarea><\/label><input type=\"hidden\" id=\"ak_js_2\" name=\"_wpcf7_ak_js\" value=\"174\"\/><script>document.getElementById( \"ak_js_2\" ).setAttribute( \"value\", ( new Date() ).getTime() );<\/script><\/p><div class=\"wpcf7-response-output\" aria-hidden=\"true\"><\/div>\n<\/form>\n<\/div>\n\n","protected":false},"author":1,"featured_media":0,"parent":0,"menu_order":0,"comment_status":"closed","ping_status":"closed","template":"","meta":{"_et_pb_use_builder":"on","_et_pb_old_content":"","_et_gb_content_width":"","inline_featured_image":false,"footnotes":""},"class_list":["post-1427","page","type-page","status-publish","hentry"],"jetpack_sharing_enabled":true,"_links":{"self":[{"href":"https:\/\/adventrisk-iberia.com\/es\/wp-json\/wp\/v2\/pages\/1427","targetHints":{"allow":["GET"]}}],"collection":[{"href":"https:\/\/adventrisk-iberia.com\/es\/wp-json\/wp\/v2\/pages"}],"about":[{"href":"https:\/\/adventrisk-iberia.com\/es\/wp-json\/wp\/v2\/types\/page"}],"author":[{"embeddable":true,"href":"https:\/\/adventrisk-iberia.com\/es\/wp-json\/wp\/v2\/users\/1"}],"replies":[{"embeddable":true,"href":"https:\/\/adventrisk-iberia.com\/es\/wp-json\/wp\/v2\/comments?post=1427"}],"version-history":[{"count":2,"href":"https:\/\/adventrisk-iberia.com\/es\/wp-json\/wp\/v2\/pages\/1427\/revisions"}],"predecessor-version":[{"id":1429,"href":"https:\/\/adventrisk-iberia.com\/es\/wp-json\/wp\/v2\/pages\/1427\/revisions\/1429"}],"wp:attachment":[{"href":"https:\/\/adventrisk-iberia.com\/es\/wp-json\/wp\/v2\/media?parent=1427"}],"curies":[{"name":"wp","href":"https:\/\/api.w.org\/{rel}","templated":true}]}}